{"id":124,"date":"2015-06-03T22:23:02","date_gmt":"2015-06-03T19:23:02","guid":{"rendered":"https:\/\/eggehotel.com\/de\/eggecesme\/"},"modified":"2015-06-24T23:27:46","modified_gmt":"2015-06-24T20:27:46","slug":"eggecesme","status":"publish","type":"page","link":"https:\/\/www.eggehotel.com\/de\/eggecesme\/","title":{"rendered":"Egge&#038;Cesme"},"content":{"rendered":"<p>Dieses Designhotel begr\u00fc\u00dft Sie 550 m vom Strand Illica entfernt und bietet Ihnen kostenfreies WLAN sowie ger\u00e4umige Zimmer. Sie erreichen den belebten Strand der Stadt Ala\u00e7at\u0131 nach einer 5-min\u00fctigen Fahrt.<\/p>\n<p>Die klimatisierten Zimmer im Egge verf\u00fcgen \u00fcber einen Flachbild-Sat-TV, Tee- und Kaffeezubeh\u00f6r sowie ein Bad mit Hausschuhen und einem Haartrockner. Einige Zimmer verw\u00f6hnen Sie mit einem Balkon.<\/p>\n<p>Unweit des Hotel Egge finden Sie die vielen lebhaften Bars und Restaurants von \u00c7e\u015fme. Die Mitarbeiter an der 24-Stunden-Rezeption arrangieren gerne einen Mietwagen f\u00fcr Sie.<\/p>\n<p>Die Burg und der Yachthafen von \u00c7e\u015fme liegen 10 Fahrminuten vom Egge Hotel entfernt. Sie k\u00f6nnen auch Alacati und den Basar von \u00c7e\u015fme mit einem der Minibusse besuchen, die alle 15 Minuten vor dem Hotel abfahren.<\/p>\n","protected":false},"excerpt":{"rendered":"<p>Dieses Designhotel begr\u00fc\u00dft Sie 550 m vom Strand Illica entfernt und bietet Ihnen kostenfreies WLAN sowie ger\u00e4umige Zimmer. Sie erreichen den belebten Strand der Stadt Ala\u00e7at\u0131 nach einer 5-min\u00fctigen Fahrt. Die klimatisierten Zimmer im Egge verf\u00fcgen \u00fcber einen Flachbild-Sat-TV, Tee- und Kaffeezubeh\u00f6r sowie ein Bad mit Hausschuhen und einem Haartrockner. Einige Zimmer verw\u00f6hnen Sie mit [&hellip;]<\/p>\n","protected":false},"author":4,"featured_media":0,"parent":0,"menu_order":0,"comment_status":"open","ping_status":"closed","template":"","meta":{"footnotes":""},"class_list":["post-124","page","type-page","status-publish","hentry"],"_links":{"self":[{"href":"https:\/\/www.eggehotel.com\/de\/wp-json\/wp\/v2\/pages\/124","targetHints":{"allow":["GET"]}}],"collection":[{"href":"https:\/\/www.eggehotel.com\/de\/wp-json\/wp\/v2\/pages"}],"about":[{"href":"https:\/\/www.eggehotel.com\/de\/wp-json\/wp\/v2\/types\/page"}],"author":[{"embeddable":true,"href":"https:\/\/www.eggehotel.com\/de\/wp-json\/wp\/v2\/users\/4"}],"replies":[{"embeddable":true,"href":"https:\/\/www.eggehotel.com\/de\/wp-json\/wp\/v2\/comments?post=124"}],"version-history":[{"count":2,"href":"https:\/\/www.eggehotel.com\/de\/wp-json\/wp\/v2\/pages\/124\/revisions"}],"predecessor-version":[{"id":150,"href":"https:\/\/www.eggehotel.com\/de\/wp-json\/wp\/v2\/pages\/124\/revisions\/150"}],"wp:attachment":[{"href":"https:\/\/www.eggehotel.com\/de\/wp-json\/wp\/v2\/media?parent=124"}],"curies":[{"name":"wp","href":"https:\/\/api.w.org\/{rel}","templated":true}]}}